{"id":1374,"date":"2025-03-10T17:45:32","date_gmt":"2025-03-10T17:45:32","guid":{"rendered":"https:\/\/nasspsy.ma\/?page_id=1374"},"modified":"2025-04-08T17:04:15","modified_gmt":"2025-04-08T16:04:15","slug":"mes-prestations","status":"publish","type":"page","link":"https:\/\/nasspsy.ma\/ar\/mes-prestations\/","title":{"rendered":"\u0627\u0644\u062e\u062f\u0645\u0627\u062a \u0627\u0644\u0644\u064a \u0643\u0646\u0642\u0651\u062f\u0645"},"content":{"rendered":"<div data-elementor-type=\"wp-page\" data-elementor-id=\"1374\" class=\"elementor elementor-1374\">\n\t\t\t\t<div class=\"elementor-element elementor-element-c993e04 e-flex e-con-boxed e-con e-parent\" data-id=\"c993e04\" data-element_type=\"container\">\n\t\t\t\t\t<div class=\"e-con-inner\">\n\t\t\t\t<div class=\"elementor-element elementor-element-cbef930 elementor-widget elementor-widget-heading\" data-id=\"cbef930\" data-element_type=\"widget\" data-widget_type=\"heading.default\">\n\t\t\t\t<div class=\"elementor-widget-container\">\n\t\t\t\t\t<h2 class=\"elementor-heading-title elementor-size-default\">\u0639\u0644\u0627\u062c EMDR <\/h2>\t\t\t\t<\/div>\n\t\t\t\t<\/div>\n\t\t\t\t<div class=\"elementor-element elementor-element-f27958b elementor-widget elementor-widget-text-editor\" data-id=\"f27958b\" data-element_type=\"widget\" data-widget_type=\"text-editor.default\">\n\t\t\t\t<div class=\"elementor-widget-container\">\n\t\t\t\t\t\t\t\t\t<p>\u0639\u0644\u0627\u062c EMDR (\u0625\u0632\u0627\u0644\u0629 \u0627\u0644\u062a\u062d\u0633\u0633 \u0648\u0625\u0639\u0627\u062f\u0629 \u0627\u0644\u0645\u0639\u0627\u0644\u062c\u0629 \u0639\u0628\u0631 \u062d\u0631\u0643\u0629 \u0627\u0644\u0639\u064a\u0646\u064a\u0646) \u0647\u064a \u0637\u0631\u064a\u0642\u0629 \u0643\u062a\u0639\u0648\u0646 \u0627\u0644\u062f\u0645\u0627\u063a \u064a\u0647\u0636\u0645 \u0630\u0643\u0631\u064a\u0627\u062a \u0635\u0639\u064a\u0628\u0629 \u0623\u0648 \u0635\u0627\u062f\u0645\u0629. \u0645\u0646\u064a\u0646 \u0643\u064a\u0639\u064a\u0634 \u0627\u0644\u0625\u0646\u0633\u0627\u0646 \u0648\u0627\u062d\u062f \u0627\u0644\u062d\u062f\u062b \u0645\u0624\u0644\u0645\u060c \u0643\u064a\u0628\u0642\u0649 \u0627\u0644\u0639\u0642\u0644 \u0643\u064a\u062f\u0648\u0631 \u0641\u064a\u0647 \u0628\u062d\u0627\u0644 \u0641\u064a\u062f\u064a\u0648 \u0643\u064a\u062a\u0639\u0627\u0648\u062f \u0628\u0632\u0651\u0627\u0641. \u0647\u0627\u062f \u0627\u0644\u0639\u0644\u0627\u062c \u0643\u064a\u0639\u062a\u0645\u062f \u0639\u0644\u0649 \u062d\u0631\u0643\u0627\u062a \u0627\u0644\u0639\u064a\u0646 \u0623\u0648 \u062a\u062d\u0641\u064a\u0632\u0627\u062a \u0623\u062e\u0631\u0649 \u0628\u0627\u0634 \u0627\u0644\u0639\u0642\u0644 \u064a\u0642\u062f\u0631 \u064a\u0631\u062a\u0651\u0628 \u0647\u0627\u062f \u0627\u0644\u0630\u0643\u0631\u064a\u0627\u062a\u060c \u0648\u0645\u0627 \u062a\u0628\u0642\u0627\u0634 \u0643\u062a\u0633\u0628\u0628 \u0627\u0644\u0623\u0644\u0645 \u0641\u0627\u0644\u0648\u0627\u0642\u0639 \u0627\u0644\u064a\u0648\u0645\u064a. \u0637\u0631\u064a\u0642\u0629 \u0641\u0639\u0627\u0644\u0629 \u0648\u0647\u0627\u062f\u0626\u0629\u060c \u0643\u062a\u0639\u0627\u0648\u0646 \u0627\u0644\u0646\u0627\u0633 \u064a\u062a\u062c\u0627\u0648\u0632\u0648 \u0627\u0644\u062e\u0648\u0641\u060c \u0627\u0644\u0642\u0644\u0642 \u0623\u0648 \u0630\u0643\u0631\u064a\u0627\u062a \u0645\u0648\u062c\u0639\u0629.<\/p>\t\t\t\t\t\t\t\t<\/div>\n\t\t\t\t<\/div>\n\t\t\t\t<div class=\"elementor-element elementor-element-337f167 elementor-widget elementor-widget-heading\" data-id=\"337f167\" data-element_type=\"widget\" data-widget_type=\"heading.default\">\n\t\t\t\t<div class=\"elementor-widget-container\">\n\t\t\t\t\t<h2 class=\"elementor-heading-title elementor-size-default\">\u0639\u0644\u0627\u062c TCC <\/h2>\t\t\t\t<\/div>\n\t\t\t\t<\/div>\n\t\t\t\t<div class=\"elementor-element elementor-element-1044e43 elementor-widget elementor-widget-text-editor\" data-id=\"1044e43\" data-element_type=\"widget\" data-widget_type=\"text-editor.default\">\n\t\t\t\t<div class=\"elementor-widget-container\">\n\t\t\t\t\t\t\t\t\t<p>\u0639\u0644\u0627\u062c TCC (\u0627\u0644\u0639\u0644\u0627\u062c \u0627\u0644\u0645\u0639\u0631\u0641\u064a \u0627\u0644\u0633\u0644\u0648\u0643\u064a) \u0647\u0648 \u0646\u0648\u0639 \u0645\u0646 \u0627\u0644\u0639\u0644\u0627\u062c \u0627\u0644\u0646\u0641\u0633\u064a \u0627\u0644\u0644\u064a \u0643\u064a\u0639\u0644\u0645\u0646\u0627 \u0643\u064a\u0641\u0627\u0634 \u0646\u0628\u062f\u0651\u0644\u0648 \u0627\u0644\u0623\u0641\u0643\u0627\u0631 \u0648\u0627\u0644\u0633\u0644\u0648\u0643\u0627\u062a \u0627\u0644\u0644\u064a \u0643\u062a\u0636\u0631\u0651\u0646\u0627. \u0627\u0644\u0639\u0642\u0644 \u062f\u064a\u0627\u0644\u0646\u0627 \u0645\u0631\u0627\u062a \u0643\u064a\u0639\u0637\u064a\u0646\u0627 \u0623\u0641\u0643\u0627\u0631 \u0633\u0644\u0628\u064a\u0629 \u0623\u0648 \u0645\u0628\u0627\u0644\u063a \u0641\u064a\u0647\u0627\u060c \u0648\u062d\u0646\u0627 \u0628\u0644\u0627 \u0645\u0627 \u0646\u062d\u0633\u0648 \u0643\u0646\u0631\u062f\u0651\u0648 \u0627\u0644\u0641\u0639\u0644 \u0628\u0646\u0627\u0621\u064b \u0639\u0644\u064a\u0647\u0627. \u0647\u0627\u062f \u0627\u0644\u0639\u0644\u0627\u062c \u0643\u064a\u0639\u0644\u0645\u0646\u0627 \u0646\u0639\u0631\u0641\u0648 \u0647\u0627\u062f \u0627\u0644\u0623\u0646\u0645\u0627\u0637\u060c \u0646\u0641\u0647\u0645\u0648\u0647\u0645\u060c \u0648\u0646\u0639\u0648\u0651\u0636\u0648\u0647\u0645 \u0628\u0623\u0641\u0643\u0627\u0631 \u0648\u062a\u0635\u0631\u0641\u0627\u062a \u0643\u062a\u0639\u0627\u0648\u0646\u0646\u0627. \u0628\u062d\u0627\u0644 \u0625\u0644\u0627 \u0643\u0646\u062a \u0643\u062a\u0634\u0648\u0641 \u0627\u0644\u0623\u0645\u0648\u0631 \u0645\u0646 \u0632\u0627\u0648\u064a\u0629 \u062c\u062f\u064a\u062f\u0629 \u0628\u0627\u0634 \u062a\u062d\u0633 \u0623\u062d\u0633\u0646 \u0648\u062a\u0648\u0627\u062c\u0647 \u0627\u0644\u0645\u0634\u0627\u0643\u0644 \u0628\u0637\u0631\u064a\u0642\u0629 \u0645\u062e\u062a\u0644\u0641\u0629.<\/p>\t\t\t\t\t\t\t\t<\/div>\n\t\t\t\t<\/div>\n\t\t\t\t<div class=\"elementor-element elementor-element-993f75f elementor-widget elementor-widget-heading\" data-id=\"993f75f\" data-element_type=\"widget\" data-widget_type=\"heading.default\">\n\t\t\t\t<div class=\"elementor-widget-container\">\n\t\t\t\t\t<h2 class=\"elementor-heading-title elementor-size-default\">\u0639\u0644\u0627\u062c \u0627\u0644\u0623\u0632\u0648\u0627\u062c \u0627\u0644\u0645\u0631\u062a\u0643\u0632 \u0639\u0644\u0649 \u0627\u0644\u0645\u0634\u0627\u0639\u0631 (TCE)<\/h2>\t\t\t\t<\/div>\n\t\t\t\t<\/div>\n\t\t\t\t<div class=\"elementor-element elementor-element-c1fabfc elementor-widget elementor-widget-text-editor\" data-id=\"c1fabfc\" data-element_type=\"widget\" data-widget_type=\"text-editor.default\">\n\t\t\t\t<div class=\"elementor-widget-container\">\n\t\t\t\t\t\t\t\t\t<p>\u0647\u0627\u062f \u0627\u0644\u0639\u0644\u0627\u062c \u0643\u064a\u0639\u0648\u0646 \u0627\u0644\u0623\u0632\u0648\u0627\u062c \u064a\u0641\u0647\u0645\u0648 \u0627\u0644\u0645\u0634\u0627\u0639\u0631 \u062f\u064a\u0627\u0644\u0647\u0645 \u0648\u064a\u0639\u0628\u0651\u0631\u0648 \u0639\u0644\u064a\u0647\u0627 \u0645\u0632\u064a\u0627\u0646 \u0628\u0627\u0634 \u064a\u0642\u0648\u0651\u064a\u0648 \u0627\u0644\u0639\u0644\u0627\u0642\u0629 \u062f\u064a\u0627\u0644\u0647\u0645. \u0628\u0632\u0651\u0627\u0641 \u062f\u064a\u0627\u0644 \u0627\u0644\u0645\u0634\u0627\u0643\u0644 \u0628\u064a\u0646 \u0627\u0644\u0623\u0632\u0648\u0627\u062c \u0643\u0627\u062a\u062c\u064a \u0645\u0646 \u0645\u0634\u0627\u0639\u0631 \u0645\u0627 \u0645\u064f\u0641\u0652\u0647\u0648\u0645\u0629 \u0623\u0648 \u0645\u0627 \u0645\u064f\u0639\u0628\u0651\u064e\u0631 \u0639\u0644\u064a\u0647\u0627 \u0645\u0632\u064a\u0627\u0646. \u0627\u0644\u0639\u0644\u0627\u062c \u0643\u064a\u0639\u0644\u0645 \u0643\u0644 \u0637\u0631\u0641 \u064a\u0639\u0628\u0651\u0631 \u0628\u0635\u062f\u0642\u060c \u064a\u0641\u0647\u0645 \u0627\u0644\u0637\u0631\u0641 \u0627\u0644\u0622\u062e\u0631\u060c \u0648\u064a\u0628\u0646\u064a\u0648 \u0639\u0644\u0627\u0642\u0629 \u0641\u064a\u0647\u0627 \u062b\u0642\u0629 \u0648\u062a\u0648\u0627\u0635\u0644 \u0648\u0637\u0645\u0623\u0646\u064a\u0646\u0629. \u0627\u0644\u0647\u062f\u0641 \u0647\u0648 \u064a\u0635\u0644\u062d\u0648 \u0627\u0644\u0639\u0644\u0627\u0642\u0629 \u0648\u064a\u0639\u064a\u0634\u0648 \u0641\u0627\u0646\u0633\u062c\u0627\u0645 \u0623\u0643\u062b\u0631.<\/p>\t\t\t\t\t\t\t\t<\/div>\n\t\t\t\t<\/div>\n\t\t\t\t<div class=\"elementor-element elementor-element-994f362 elementor-widget elementor-widget-heading\" data-id=\"994f362\" data-element_type=\"widget\" data-widget_type=\"heading.default\">\n\t\t\t\t<div class=\"elementor-widget-container\">\n\t\t\t\t\t<h2 class=\"elementor-heading-title elementor-size-default\">\u0639\u0644\u0645 \u0627\u0644\u0646\u0641\u0633 \u0627\u0644\u0645\u0631\u062a\u0628\u0637 \u0628\u0627\u0644\u0633\u0631\u0637\u0627\u0646 (Onco-psychologie)<\/h2>\t\t\t\t<\/div>\n\t\t\t\t<\/div>\n\t\t\t\t<div class=\"elementor-element elementor-element-86ef02e elementor-widget elementor-widget-text-editor\" data-id=\"86ef02e\" data-element_type=\"widget\" data-widget_type=\"text-editor.default\">\n\t\t\t\t<div class=\"elementor-widget-container\">\n\t\t\t\t\t\t\t\t\t<p>\u0647\u0627\u062f \u0627\u0644\u062a\u062e\u0635\u0635 \u0643\u064a\u0639\u0627\u0644\u062c \u0627\u0644\u0646\u0627\u0633 \u0627\u0644\u0644\u064a \u0643\u064a\u0639\u0627\u0646\u064a\u0648 \u0645\u0646 \u0627\u0644\u0633\u0631\u0637\u0627\u0646 \u0648\u0639\u0627\u064a\u0644\u062a\u0647\u0645. \u0645\u0646\u064a\u0646 \u0643\u062a\u0648\u0635\u0644\u0643 \u062e\u0628\u0631\u0629 \u0628\u062d\u0627\u0644 \u0647\u0627\u062f\u064a\u060c \u0643\u062a\u0628\u062f\u0644 \u062d\u064a\u0627\u062a\u0643 \u0648\u0643\u062a\u062c\u064a \u0645\u0639\u0627\u0647\u0627 \u0645\u0634\u0627\u0639\u0631 \u0628\u062d\u0627\u0644 \u0627\u0644\u062e\u0648\u0641\u060c \u0627\u0644\u062d\u0632\u0646 \u0648\u0639\u062f\u0645 \u0627\u0644\u064a\u0642\u064a\u0646. \u0627\u0644\u0623\u062e\u0635\u0627\u0626\u064a \u0643\u064a\u0633\u0627\u0646\u062f\u0643 \u0648\u064a\u0639\u0627\u0648\u0646\u0643 \u062a\u0648\u0627\u062c\u0647 \u0647\u0627\u062f \u0627\u0644\u0645\u0631\u062d\u0644\u0629\u060c \u064a\u062a\u0628\u0639\u0643 \u0645\u0646 \u0628\u062f\u0627\u064a\u0629 \u0627\u0644\u0639\u0644\u0627\u062c \u062d\u062a\u0649 \u0627\u0644\u062a\u063a\u064a\u064a\u0631\u0627\u062a \u0627\u0644\u0644\u064a \u0643\u062a\u062c\u064a \u0645\u0639\u0627\u0647. \u062d\u062a\u0649 \u0627\u0644\u0639\u0627\u0626\u0644\u0629 \u0643\u062a\u062d\u0635\u0644 \u0639\u0644\u0649 \u062f\u0639\u0645\u060c \u062d\u064a\u062b \u062d\u062a\u0649 \u0647\u0645\u0627 \u0643\u064a\u0643\u0648\u0646\u0648 \u0645\u062d\u062a\u0627\u062c\u064a\u0646 \u0627\u0644\u0645\u0633\u0627\u0646\u062f\u0629. \u0627\u0644\u0647\u062f\u0641 \u0647\u0648 \u062a\u0648\u0641\u0651\u0631 \u0641\u0636\u0627\u0621 \u0645\u0631\u064a\u062d \u0648\u0622\u0645\u0646 \u0628\u0627\u0634 \u062a\u0639\u0628\u0651\u0631 \u0648\u062a\u0644\u0642\u0627 \u0627\u0644\u0642\u0648\u0629 \u062a\u0645\u0634\u064a \u0644\u0642\u062f\u0651\u0627\u0645 \u0631\u063a\u0645 \u0627\u0644\u0645\u0631\u0636.<\/p>\t\t\t\t\t\t\t\t<\/div>\n\t\t\t\t<\/div>\n\t\t\t\t<div class=\"elementor-element elementor-element-a21b5ee elementor-widget elementor-widget-heading\" data-id=\"a21b5ee\" data-element_type=\"widget\" data-widget_type=\"heading.default\">\n\t\t\t\t<div class=\"elementor-widget-container\">\n\t\t\t\t\t<h2 class=\"elementor-heading-title elementor-size-default\">\u0639\u0644\u0627\u062c \u0627\u0644\u0623\u0646\u0645\u0627\u0637 (Th\u00e9rapie des sch\u00e9mas) <\/h2>\t\t\t\t<\/div>\n\t\t\t\t<\/div>\n\t\t\t\t<div class=\"elementor-element elementor-element-b3cd2d1 elementor-widget elementor-widget-text-editor\" data-id=\"b3cd2d1\" data-element_type=\"widget\" data-widget_type=\"text-editor.default\">\n\t\t\t\t<div class=\"elementor-widget-container\">\n\t\t\t\t\t\t\t\t\t<p>\u0647\u0627\u062f \u0627\u0644\u0639\u0644\u0627\u062c \u0643\u064a\u0631\u0643\u0632 \u0639\u0644\u0649 \u0627\u0644\u0623\u0646\u0645\u0627\u0637 \u0627\u0644\u0646\u0641\u0633\u064a\u0629 \u0627\u0644\u0644\u064a \u062a\u0652\u0643\u0648\u0651\u0646\u0648 \u0641\u0627\u0644\u0637\u0641\u0648\u0644\u0629\u060c \u0648\u0627\u0644\u0644\u064a \u0643\u062a\u0623\u062b\u0631 \u0639\u0644\u064a\u0646\u0627 \u0641\u0637\u0631\u064a\u0642\u0629 \u062a\u0641\u0643\u064a\u0631\u0646\u0627 \u0648\u062a\u0635\u0631\u0641\u0627\u062a\u0646\u0627. \u0645\u0631\u0627\u062a \u0643\u0646\u0643\u0648\u0646\u0648 \u0639\u0627\u064a\u0634\u064a\u0646 \u0639\u0644\u0649 \u0623\u0648\u062a\u0648\u0645\u0627\u062a\u064a\u0632\u0645\u0627\u062a \u0643\u062a\u0623\u0630\u064a\u0646\u0627 \u0628\u0644\u0627 \u0645\u0627 \u0646\u062d\u0633\u0648. \u0645\u0639 \u0647\u0627\u062f \u0627\u0644\u0639\u0644\u0627\u062c\u060c \u0643\u0646\u0639\u0631\u0641\u0648 \u0647\u0627\u062f \u0627\u0644\u0623\u0646\u0645\u0627\u0637\u060c \u0623\u0635\u0644\u0647\u0627\u060c \u0648\u0643\u0646\u062e\u062f\u0645\u0648 \u0628\u0627\u0634 \u0646\u0628\u062f\u0651\u0644\u0648\u0647\u0627. \u0627\u0644\u0647\u062f\u0641 \u0647\u0648 \u0646\u062a\u062d\u0631\u0651\u0631\u0648 \u0645\u0646 \u0627\u0644\u0645\u0627\u0636\u064a \u0648\u0646\u0639\u064a\u0634\u0648 \u0628\u0631\u0627\u062d\u0629 \u0648\u062a\u0648\u0627\u0632\u0646.<\/p>\t\t\t\t\t\t\t\t<\/div>\n\t\t\t\t<\/div>\n\t\t\t\t<div class=\"elementor-element elementor-element-7cae3dd elementor-widget elementor-widget-heading\" data-id=\"7cae3dd\" data-element_type=\"widget\" data-widget_type=\"heading.default\">\n\t\t\t\t<div class=\"elementor-widget-container\">\n\t\t\t\t\t<h2 class=\"elementor-heading-title elementor-size-default\">\u0627\u0644\u062a\u0642\u064a\u064a\u0645 \u0627\u0644\u0639\u0635\u0628\u064a \u0627\u0644\u0646\u0641\u0633\u064a (Bilan neuropsychologique)<\/h2>\t\t\t\t<\/div>\n\t\t\t\t<\/div>\n\t\t\t\t<div class=\"elementor-element elementor-element-f140933 elementor-widget elementor-widget-text-editor\" data-id=\"f140933\" data-element_type=\"widget\" data-widget_type=\"text-editor.default\">\n\t\t\t\t<div class=\"elementor-widget-container\">\n\t\t\t\t\t\t\t\t\t<p>\u0627\u0644\u062a\u0642\u064a\u064a\u0645 \u0627\u0644\u0639\u0635\u0628\u064a \u0627\u0644\u0646\u0641\u0633\u064a \u0647\u0648 \u0641\u062d\u0635 \u0645\u0639\u0645\u0651\u0642 \u0644\u0648\u0638\u0627\u0626\u0641 \u0627\u0644\u062f\u0645\u0627\u063a\u060c \u0628\u0627\u0634 \u0646\u0639\u0631\u0641\u0648 \u0646\u0642\u0627\u0637 \u0627\u0644\u0642\u0648\u0629 \u0648\u0627\u0644\u0636\u0639\u0641\u060c \u0648\u0646\u062a\u0628\u0639\u0648 \u0639\u0644\u0627\u062c \u0645\u0646\u0627\u0633\u0628 \u062d\u0633\u0628 \u0627\u0644\u0627\u062d\u062a\u064a\u0627\u062c\u0627\u062a \u062f\u064a\u0627\u0644 \u0643\u0644 \u0648\u0627\u062d\u062f. \u0643\u064a\u062a\u0642\u064a\u0651\u0645 \u0641\u064a\u0647 \u0627\u0644\u0630\u0627\u0643\u0631\u0629\u060c \u0627\u0644\u062a\u0631\u0643\u064a\u0632\u060c \u0627\u0644\u0644\u063a\u0629\u060c \u0627\u0644\u062a\u062d\u0643\u0645 \u0641\u0627\u0644\u0646\u0641\u0633\u060c \u0648\u0641\u0647\u0645 \u0645\u0634\u0627\u0639\u0631 \u0627\u0644\u0622\u062e\u0631\u064a\u0646... \u0628\u0627\u0633\u062a\u0639\u0645\u0627\u0644 \u0627\u062e\u062a\u0628\u0627\u0631\u0627\u062a \u0645\u0643\u062a\u0648\u0628\u0629 \u0623\u0648 \u0645\u0639\u0644\u0648\u0645\u0627\u062a\u064a\u0629.<\/p>\t\t\t\t\t\t\t\t<\/div>\n\t\t\t\t<\/div>\n\t\t\t\t\t<\/div>\n\t\t\t\t<\/div>\n\t\t<div class=\"elementor-element elementor-element-de6fa1a e-flex e-con-boxed e-con e-parent\" data-id=\"de6fa1a\" data-element_type=\"container\">\n\t\t\t\t\t<div class=\"e-con-inner\">\n\t\t<div class=\"elementor-element elementor-element-dca0121 e-con-full e-flex e-con e-child\" data-id=\"dca0121\" data-element_type=\"container\">\n\t\t\t\t<div class=\"elementor-element elementor-element-57de1d0 elementor-button-info elementor-widget elementor-widget-button\" data-id=\"57de1d0\" data-element_type=\"widget\" data-widget_type=\"button.default\">\n\t\t\t\t<div class=\"elementor-widget-container\">\n\t\t\t\t\t\t\t\t\t<div class=\"elementor-button-wrapper\">\n\t\t\t\t\t<a class=\"elementor-button elementor-button-link elementor-size-sm\" href=\"https:\/\/nasspsy.ma\/ar\/?fluent-booking=calendar&#038;host=inass\">\n\t\t\t\t\t\t<span class=\"elementor-button-content-wrapper\">\n\t\t\t\t\t\t\t\t\t<span class=\"elementor-button-text\">\u062d\u062c\u0632 \u0645\u0648\u0639\u062f<\/span>\n\t\t\t\t\t<\/span>\n\t\t\t\t\t<\/a>\n\t\t\t\t<\/div>\n\t\t\t\t\t\t\t\t<\/div>\n\t\t\t\t<\/div>\n\t\t\t\t<\/div>\n\t\t\t\t\t<\/div>\n\t\t\t\t<\/div>\n\t\t\t\t<\/div>","protected":false},"excerpt":{"rendered":"<p>La th\u00e9rapie EMDR La th\u00e9rapie EMDR (Eye Movement Desensitization and Reprocessing) est une m\u00e9thode qui aide le cerveau \u00e0 \u00ab dig\u00e9rer \u00bb des souvenirs difficiles ou traumatisants. Parfois, quand on vit un \u00e9v\u00e9nement difficile et choquant, notre cerveau reste bloqu\u00e9 dessus, un peu comme une vid\u00e9o qui tourne en boucle. L\u2019EMDR utilise des mouvements des [&hellip;]<\/p>","protected":false},"author":1,"featured_media":0,"parent":0,"menu_order":0,"comment_status":"closed","ping_status":"closed","template":"","meta":{"inline_featured_image":false,"footnotes":""},"class_list":["post-1374","page","type-page","status-publish","hentry"],"blocksy_meta":[],"_links":{"self":[{"href":"https:\/\/nasspsy.ma\/ar\/wp-json\/wp\/v2\/pages\/1374","targetHints":{"allow":["GET"]}}],"collection":[{"href":"https:\/\/nasspsy.ma\/ar\/wp-json\/wp\/v2\/pages"}],"about":[{"href":"https:\/\/nasspsy.ma\/ar\/wp-json\/wp\/v2\/types\/page"}],"author":[{"embeddable":true,"href":"https:\/\/nasspsy.ma\/ar\/wp-json\/wp\/v2\/users\/1"}],"replies":[{"embeddable":true,"href":"https:\/\/nasspsy.ma\/ar\/wp-json\/wp\/v2\/comments?post=1374"}],"version-history":[{"count":0,"href":"https:\/\/nasspsy.ma\/ar\/wp-json\/wp\/v2\/pages\/1374\/revisions"}],"wp:attachment":[{"href":"https:\/\/nasspsy.ma\/ar\/wp-json\/wp\/v2\/media?parent=1374"}],"curies":[{"name":"wp","href":"https:\/\/api.w.org\/{rel}","templated":true}]}}